{"id":1164,"date":"2015-12-04T16:11:38","date_gmt":"2015-12-04T15:11:38","guid":{"rendered":"http:\/\/svogg.de\/jobs\/florencegirod\/fr\/profil\/"},"modified":"2025-07-21T16:25:04","modified_gmt":"2025-07-21T14:25:04","slug":"profil","status":"publish","type":"page","link":"https:\/\/florencegirod.com\/fr\/profil\/","title":{"rendered":"Profil"},"content":{"rendered":"<h1><img decoding=\"async\" loading=\"lazy\" class=\"alignnone wp-image-549 size-full\" src=\"https:\/\/florencegirod.com\/wp-content\/uploads\/2015\/12\/material.jpg\" alt=\"material\" width=\"2000\" height=\"670\" srcset=\"https:\/\/florencegirod.com\/wp-content\/uploads\/2015\/12\/material.jpg 2000w, https:\/\/florencegirod.com\/wp-content\/uploads\/2015\/12\/material-300x101.jpg 300w, https:\/\/florencegirod.com\/wp-content\/uploads\/2015\/12\/material-1024x343.jpg 1024w\" sizes=\"(max-width: 2000px) 100vw, 2000px\" \/><\/h1>\n<p>&nbsp;<\/p>\n<p>&nbsp;<\/p>\n<h2>PHILOSOPHIE<\/h2>\n<p>&nbsp;<\/p>\n<p>\u00ab\u00a0B\u00fcro f\u00fcr Raumgestaltung\u00a0\u00bb est une agence d\u2019architecture d&rsquo;int\u00e9rieur fond\u00e9e en Octobre 2015.<\/p>\n<p>Son\u00a0objectif: combiner\u00a0les exigences personelles du client avec la structure architecturale de l&rsquo;espace,\u00a0le c\u00f4t\u00e9 atmosph\u00e9rique de l\u2019int\u00e9rieur et\u00a0son mobilier, tout cela afin d\u2019aqu\u00e9rir une composition harmonieuse. C\u2019est dans cet espace nouvellement cr\u00e9\u00e9 que le client se sentira \u00e0 l&rsquo;aise et chez lui.<\/p>\n<p>La gamme de ses services de planification ne se limite pas \u00e0 l\u2019architecture et l\u2019architecture d&rsquo;int\u00e9rieur, elle contient \u00e9galement la conception de l\u2019illumination, le choix des couleurs ainsi que le d\u00e9veloppement et les propositions pour l\u2019ameublement de l\u2019espace. C\u2019est ainsi que l\u2019agence peut \u00eatre consid\u00e9r\u00e9e comme un compagnon et conseillant stable \u00e0 travers toutes les phases d&rsquo;un projet de construction.<\/p>\n<p>Une propre conception esth\u00e9tique sera d\u00e9velopp\u00e9e, mise en \u0153uvre et optimis\u00e9e pour chaque projet. Le r\u00e9sultat: un ensemble harmonieux d&rsquo;architecture, de design int\u00e9rieur, de lumi\u00e8re, de couleurs et d&rsquo;ameublement qui r\u00e9pond aux exigences du projet et \u00e0 sa client\u00e8le.\u00a0La m\u00e9thode de conception du \u00ab\u00a0B\u00fcro f\u00fcr Raumgestaltung\u00a0\u00bb choisit des moyens simples et clairs \u00e0 grand \u00e9ffet pour l\u2019espace, ce qui est programmatique pour l\u2019agence: Par une petite astuce et une id\u00e9e subtile, une r\u00e9valorisation de l&rsquo;espace sera obtenue, \u00e0 la fois esth\u00e9tique et r\u00e9pondant en m\u00eame-temps aux exigences \u00e9conomiques et \u00e9cologiques du projet.<\/p>\n<p>&nbsp;<\/p>\n<p>&nbsp;<\/p>\n<h2>SERVICES<\/h2>\n<p>&nbsp;<\/p>\n<p>Le spectre de services va\u00a0de l&rsquo;architecture classique au design de meubles: conseil pour une\u00a0intervention ponctuelle, conception de meubles, planification de zones sp\u00e9cifiques d&rsquo;un espace, phases individuelles de planification, conception compl\u00e8te d&rsquo;un projet de construction.\u00a0Une biblioth\u00e8que de mat\u00e9riaux et de couleurs,\u00a0un r\u00e9seau de collaborateurs et de coll\u00e8gues permettant d&rsquo;\u00e9largir l&rsquo;\u00e9quipe, ainsi que des concepteurs sp\u00e9cialis\u00e9s et des entreprises de construction sont \u00e0 disposition:<\/p>\n<p>Au terme\u00a0d&rsquo;un premier rendez-vous\u00a0avec le client et l&rsquo;\u00e9valuation de la port\u00e9e, une offre de planification pour le projet sera propos\u00e9e.<\/p>\n<p>R\u00e9sidences priv\u00e9es, conception de bureaux, espaces de production d&rsquo;art et d&rsquo;exposition font partie des exp\u00e9riences et r\u00e9f\u00e9rences du \u00ab\u00a0B\u00fcro f\u00fcr Raumgestaltung\u00a0\u00bb.<\/p>\n<p>Ses services sont offerts \u00e9galement en allemand\u00a0et en anglais.<\/p>\n<p>&nbsp;<\/p>\n<p>&nbsp;<\/p>\n<h2>PARTENAIRES, COOP\u00c9RATION<\/h2>\n<p>&nbsp;<\/p>\n<p><a href=\"https:\/\/janakubischik.de\/\">Jana Kubischik Interior Design<\/a><\/p>\n<p><a href=\"http:\/\/www.doris-goetz.de\/\">Doris G\u00f6tz<\/a><\/p>\n<p>Chudy und Pastucha Bau-GmbH<\/p>\n<p>Fa. Lmach<\/p>\n<p><a href=\"https:\/\/kww-berlin.de\">KWW<\/a><\/p>\n<p><a href=\"https:\/\/www.natur-am-bau.de\">Natur am Bau<\/a><\/p>\n<p><a href=\"https:\/\/www.tischlerei-fenzl.de\/\">Tischlerei Fenzl<\/a><\/p>\n<p><a href=\"https:\/\/tischlerei-waehner.de\/\">M\u00f6bel- und Bautischlerei W\u00e4hner<\/a><\/p>\n<p><a href=\"https:\/\/www.zweibaum.de\">Tischlerei Zweibaum<\/a><\/p>\n<p><a href=\"https:\/\/www.werkmal.com\">Tischlerei Werkmal<\/a><\/p>\n<p><a href=\"https:\/\/alexglaserei.de\/\">Alexglaserei<\/a><\/p>\n<p>&nbsp;<\/p>\n<p>&nbsp;<\/p>\n<p><a href=\"https:\/\/florencegirod.com\/wp-content\/uploads\/2015\/12\/me-sommer.jpg\"><img decoding=\"async\" loading=\"lazy\" class=\"alignnone wp-image-678 size-full\" src=\"https:\/\/florencegirod.com\/wp-content\/uploads\/2015\/12\/me-sommer.jpg\" alt=\"\" width=\"2000\" height=\"1127\" srcset=\"https:\/\/florencegirod.com\/wp-content\/uploads\/2015\/12\/me-sommer.jpg 2000w, https:\/\/florencegirod.com\/wp-content\/uploads\/2015\/12\/me-sommer-300x169.jpg 300w, https:\/\/florencegirod.com\/wp-content\/uploads\/2015\/12\/me-sommer-1024x577.jpg 1024w\" sizes=\"(max-width: 2000px) 100vw, 2000px\" \/><\/a><\/p>\n<p>&nbsp;<\/p>\n<p>&nbsp;<\/p>\n<h2>FLORENCE GIROD<\/h2>\n<p>&nbsp;<\/p>\n<p>Florence Girod a fait ses \u00e9tudes d\u2019architecture d&rsquo;int\u00e9rieur \u00e0 l&rsquo;Universit\u00e9 d\u2019Arts de Zurich (designer diplom\u00e9e FH en architecture d&rsquo;int\u00e9rieur 1999) et d&rsquo;architecture \u00e0 l&rsquo;Universit\u00e9 des Arts de Berlin (ing\u00e9nieur diplom\u00e9e 2003).<\/p>\n<p>Elle a acquis de nombreuses exp\u00e9riences professionnelles dans des agences d&rsquo;architecture telles que Heide von Beckerath Alberts, Sauerbruch Hutton et Bruzkus Batek Architekten.<\/p>\n<p>En m\u00eame temps, elle a r\u00e9alis\u00e9 ses propres projets de construction ainsi que des installations spatiales avec Helga Blocksdorf et Catharina F\u00f6rster dans le groupe\u00a0<a href=\"http:\/\/www.apres-nous.de\">apr\u00e8s-nous<\/a>.<\/p>\n<p><span class=\"tlid-translation translation\" lang=\"en\"><span class=\"\" title=\"\"><span class=\"tlid-translation translation\" lang=\"fr\">Florence Girod enseigne en temps de ma\u00eetre de conf\u00e9rence \u00e0 la <a href=\"https:\/\/www.berlin-international.de\/\">Berlin International University<\/a> au d\u00e9partement d&rsquo;architecture int\u00e9rieur depuis le semestre 2019\/20.<br \/>\n<\/span><\/span><\/span><\/p>\n<p>Membre de la chambre de l&rsquo;ordre des architectes \u00e0 Berlin (num\u00e9ro 17078).<\/p>\n<p>&nbsp;<\/p>\n<p>&nbsp;<\/p>\n<h2>TEAM<\/h2>\n<p>&nbsp;<\/p>\n<p>Gloria Jurado Rodriguez<\/p>\n<p>Janka Nagy<\/p>\n<p>(Marielle Kiessig)<\/p>\n<p>(Amara Goodwin)<\/p>\n<p>&nbsp;<\/p>\n<p>&nbsp;<\/p>\n<p>&nbsp;<\/p>\n<p><a href=\"https:\/\/florencegirod.com\/wp-content\/uploads\/2024\/03\/florence_girod.gif\"><img decoding=\"async\" loading=\"lazy\" class=\"alignnone wp-image-5316 size-full\" src=\"https:\/\/florencegirod.com\/wp-content\/uploads\/2024\/03\/florence_girod.gif\" alt=\"\" width=\"270\" height=\"360\" \/><\/a><\/p>\n<p>&nbsp;<\/p>\n<p>&nbsp;<\/p>\n<p>&nbsp;<\/p>\n<p>&nbsp;<\/p>\n<p><span style=\"border-radius: 2px; text-indent: 20px; width: auto; padding: 0px 4px 0px 0px; text-align: center; font: bold 11px\/20px 'Helvetica Neue',Helvetica,sans-serif; color: #ffffff; background: #bd081c no-repeat scroll 3px 50% \/ 14px 14px; position: absolute; opacity: 1; z-index: 8675309; display: none; cursor: pointer; top: 1729px; left: 20px;\">Merken<\/span><\/p>\n<p><span style=\"border-radius: 2px; text-indent: 20px; width: auto; padding: 0px 4px 0px 0px; text-align: center; font: bold 11px\/20px 'Helvetica Neue',Helvetica,sans-serif; color: #ffffff; background: #bd081c no-repeat scroll 3px 50% \/ 14px 14px; position: absolute; opacity: 1; z-index: 8675309; display: none; cursor: pointer; top: 58px; left: 20px;\">Merken<\/span><\/p>\n","protected":false},"excerpt":{"rendered":"<p>&nbsp; &nbsp; PHILOSOPHIE &nbsp; \u00ab\u00a0B\u00fcro f\u00fcr Raumgestaltung\u00a0\u00bb est une agence d\u2019architecture d&rsquo;int\u00e9rieur fond\u00e9e en Octobre 2015. Son\u00a0objectif: combiner\u00a0les exigences personelles du client avec la structure architecturale de l&rsquo;espace,\u00a0le c\u00f4t\u00e9 atmosph\u00e9rique de l\u2019int\u00e9rieur et\u00a0son mobilier, tout cela afin d\u2019aqu\u00e9rir une composition harmonieuse. C\u2019est dans cet espace nouvellement cr\u00e9\u00e9 que le client se sentira \u00e0 l&rsquo;aise et &hellip; <a href=\"https:\/\/florencegirod.com\/fr\/profil\/\" class=\"more-link\">Continuer la lecture<span class=\"screen-reader-text\"> de <span class=\"screen-reader-text\">Profil<\/span><\/span>&nbsp;<span class=\"meta-nav\">&rarr;<\/span><\/a><\/p>\n","protected":false},"author":1,"featured_media":0,"parent":0,"menu_order":0,"comment_status":"closed","ping_status":"closed","template":"","meta":[],"_links":{"self":[{"href":"https:\/\/florencegirod.com\/fr\/wp-json\/wp\/v2\/pages\/1164"}],"collection":[{"href":"https:\/\/florencegirod.com\/fr\/wp-json\/wp\/v2\/pages"}],"about":[{"href":"https:\/\/florencegirod.com\/fr\/wp-json\/wp\/v2\/types\/page"}],"author":[{"embeddable":true,"href":"https:\/\/florencegirod.com\/fr\/wp-json\/wp\/v2\/users\/1"}],"replies":[{"embeddable":true,"href":"https:\/\/florencegirod.com\/fr\/wp-json\/wp\/v2\/comments?post=1164"}],"version-history":[{"count":14,"href":"https:\/\/florencegirod.com\/fr\/wp-json\/wp\/v2\/pages\/1164\/revisions"}],"predecessor-version":[{"id":5813,"href":"https:\/\/florencegirod.com\/fr\/wp-json\/wp\/v2\/pages\/1164\/revisions\/5813"}],"wp:attachment":[{"href":"https:\/\/florencegirod.com\/fr\/wp-json\/wp\/v2\/media?parent=1164"}],"curies":[{"name":"wp","href":"https:\/\/api.w.org\/{rel}","templated":true}]}}