{"id":1214,"date":"2015-12-04T16:11:50","date_gmt":"2015-12-04T15:11:50","guid":{"rendered":"http:\/\/svogg.de\/jobs\/florencegirod\/fr\/contact\/"},"modified":"2025-07-21T16:20:48","modified_gmt":"2025-07-21T14:20:48","slug":"contact","status":"publish","type":"page","link":"https:\/\/florencegirod.com\/fr\/contact\/","title":{"rendered":"Contact"},"content":{"rendered":"<h2><a href=\"https:\/\/florencegirod.com\/wp-content\/uploads\/2024\/08\/HAR_02-scaled.jpg\"><img decoding=\"async\" loading=\"lazy\" class=\"alignnone wp-image-5401 size-full\" src=\"https:\/\/florencegirod.com\/wp-content\/uploads\/2024\/08\/HAR_02-scaled.jpg\" alt=\"\" width=\"2560\" height=\"1706\" srcset=\"https:\/\/florencegirod.com\/wp-content\/uploads\/2024\/08\/HAR_02-scaled.jpg 2560w, https:\/\/florencegirod.com\/wp-content\/uploads\/2024\/08\/HAR_02-300x200.jpg 300w, https:\/\/florencegirod.com\/wp-content\/uploads\/2024\/08\/HAR_02-1024x682.jpg 1024w, https:\/\/florencegirod.com\/wp-content\/uploads\/2024\/08\/HAR_02-768x512.jpg 768w, https:\/\/florencegirod.com\/wp-content\/uploads\/2024\/08\/HAR_02-1536x1024.jpg 1536w, https:\/\/florencegirod.com\/wp-content\/uploads\/2024\/08\/HAR_02-2048x1365.jpg 2048w\" sizes=\"(max-width: 2560px) 100vw, 2560px\" \/><\/a><\/h2>\n<p>&nbsp;<\/p>\n<p>&nbsp;<\/p>\n<h2>CONTACT<\/h2>\n<p>&nbsp;<\/p>\n<p>Dipl.-Ing. Florence Girod<\/p>\n<p>architecte<\/p>\n<p>&nbsp;<\/p>\n<p>Prenzlauer Allee 181<br \/>\nD 10405 Berlin<br \/>\n+49 30 246 16 240<br \/>\n+49 179 12 80 538<br \/>\n<span class=\"mail-me\"><\/span><br \/>\nflorencegirod.com<\/p>\n<p>&nbsp;<\/p>\n<p>num\u00e9ro TVA: DE221735650<\/p>\n<p>&nbsp;<\/p>\n<p>&nbsp;<\/p>\n<p>&nbsp;<\/p>\n<h2>MENTIONS L\u00c9GALES<\/h2>\n<p>&nbsp;<\/p>\n<p>Layout:\u00a0Florence Girod, Alexandra Steinhardt (id\u00e9e)<\/p>\n<p>&nbsp;<\/p>\n<p>Photos: Florence Girod<\/p>\n<p><a href=\"https:\/\/janbitter.de\/\" target=\"_blank\" rel=\"noopener\">Jan Bitter<\/a> (atelier udk, appartement L, la salle des professeurs; loft O, loft N, contact)<\/p>\n<p>Gloria Jurado (villa F)<\/p>\n<p>&nbsp;<\/p>\n<p>D\u00e9veloppement Web:\u00a0<a href=\"https:\/\/svogel.net\" target=\"_blank\" rel=\"noopener\">Sebastian Vogel<\/a><\/p>\n<p>&nbsp;<\/p>\n<p>&nbsp;<\/p>\n<p>Garantie:<\/p>\n<p>Malgr\u00e9 un contr\u00f4le minutieux, nous d\u00e9clinons toute garantie que les informations fournies sur ce site soient compl\u00e8tes, exactes et actuelles. Nous nous r\u00e9servons le droit de modifier les informations sur ce site \u00e0 tout moment sans pr\u00e9avis ni mise \u00e0 jour.<\/p>\n<p>&nbsp;<\/p>\n<p>Disclaimer:<\/p>\n<p>Nous d\u00e9clinons toute responsabilit\u00e9 pour le contenu des liens externes. Les op\u00e9rateurs de ces liens externes sont les seuls responsables du contenu des pages li\u00e9es.<\/p>\n<p>&nbsp;<\/p>\n<p>Copyright:<\/p>\n<p>Tous les ouvrages ou parties d\u2019ouvrages publi\u00e9s sur notre sites web tels que textes, images, photos et fichiers sont soumis au droit d&rsquo;auteur et la lois prot\u00e9geant la propri\u00e9t\u00e9 intellectuelle. Toute autre publication, la reproduction, la distribution ou l&rsquo;utilisation par d&rsquo;autres &#8211; y compris des extraits &#8211; exigent l\u2019autorisation \u00e9crite de Florence Girod.<\/p>\n<p>&nbsp;<\/p>\n<h2>PROTECTION DES DONN\u00c9ES<\/h2>\n<p>&nbsp;<\/p>\n<p>Dans le cas que le s\u00eete offre la possibilit\u00e9 d&rsquo;entrer des donn\u00e9es personnelles (adresse e-mail, noms, adresses, etc.), cela est enti\u00e8rement volontaire. Nous utilisons les renseignements personnels uniquement en interne pour r\u00e9pondre \u00e0 vos souhaits et exigences et g\u00e9rons l&rsquo;utilisation et le traitement des donn\u00e9es personnelles selon les r\u00e8gles de protection des donn\u00e9es. \u00c0 travers les organismes gouvernementaux nous ne r\u00e9pondons \u00e0 des renseignements que si cela est requis par la loi. Nos employ\u00e9s sont tenus \u00e0 respecter la confidentialit\u00e9. Sur demande \u00e9crite, nous vous informerons sur les donn\u00e9es enregistr\u00e9es concernant votre personne. Vous avez toujours le droit de corriger, supprimer et\/ ou de bloquer ces donn\u00e9es.<\/p>\n<p>&nbsp;<\/p>\n<p>&nbsp;<\/p>\n","protected":false},"excerpt":{"rendered":"<p>&nbsp; &nbsp; CONTACT &nbsp; Dipl.-Ing. Florence Girod architecte &nbsp; Prenzlauer Allee 181 D 10405 Berlin +49 30 246 16 240 +49 179 12 80 538 florencegirod.com &nbsp; num\u00e9ro TVA: DE221735650 &nbsp; &nbsp; &nbsp; MENTIONS L\u00c9GALES &nbsp; Layout:\u00a0Florence Girod, Alexandra Steinhardt (id\u00e9e) &nbsp; Photos: Florence Girod Jan Bitter (atelier udk, appartement L, la salle des professeurs; &hellip; <a href=\"https:\/\/florencegirod.com\/fr\/contact\/\" class=\"more-link\">Continuer la lecture<span class=\"screen-reader-text\"> de <span class=\"screen-reader-text\">Contact<\/span><\/span>&nbsp;<span class=\"meta-nav\">&rarr;<\/span><\/a><\/p>\n","protected":false},"author":1,"featured_media":0,"parent":0,"menu_order":0,"comment_status":"closed","ping_status":"closed","template":"","meta":[],"_links":{"self":[{"href":"https:\/\/florencegirod.com\/fr\/wp-json\/wp\/v2\/pages\/1214"}],"collection":[{"href":"https:\/\/florencegirod.com\/fr\/wp-json\/wp\/v2\/pages"}],"about":[{"href":"https:\/\/florencegirod.com\/fr\/wp-json\/wp\/v2\/types\/page"}],"author":[{"embeddable":true,"href":"https:\/\/florencegirod.com\/fr\/wp-json\/wp\/v2\/users\/1"}],"replies":[{"embeddable":true,"href":"https:\/\/florencegirod.com\/fr\/wp-json\/wp\/v2\/comments?post=1214"}],"version-history":[{"count":13,"href":"https:\/\/florencegirod.com\/fr\/wp-json\/wp\/v2\/pages\/1214\/revisions"}],"predecessor-version":[{"id":5808,"href":"https:\/\/florencegirod.com\/fr\/wp-json\/wp\/v2\/pages\/1214\/revisions\/5808"}],"wp:attachment":[{"href":"https:\/\/florencegirod.com\/fr\/wp-json\/wp\/v2\/media?parent=1214"}],"curies":[{"name":"wp","href":"https:\/\/api.w.org\/{rel}","templated":true}]}}